{"id":236,"date":"2026-02-26T17:38:39","date_gmt":"2026-02-26T16:38:39","guid":{"rendered":"https:\/\/adi-ogrodzenia.pl\/?page_id=236"},"modified":"2026-02-26T18:51:33","modified_gmt":"2026-02-26T17:51:33","slug":"blog","status":"publish","type":"page","link":"https:\/\/adi-ogrodzenia.pl\/?page_id=236","title":{"rendered":"BLOG"},"content":{"rendered":"\n<h1 class=\"wp-block-heading\">BLOG<\/h1>\n\n\n\n<p>Porady, inspiracje, artyku\u0142y<\/p>\n\n\n\n<div class=\"wp-block-query is-layout-flow wp-block-query-is-layout-flow\"><ul class=\"wp-block-post-template is-layout-flow wp-block-post-template-is-layout-flow\"><li class=\"wp-block-post post-262 post type-post status-publish format-standard has-post-thumbnail hentry category-bez-kategorii\">\n<figure class=\"wp-block-post-featured-image\"><a href=\"https:\/\/adi-ogrodzenia.pl\/?p=262\" target=\"_self\" rel=\"BLOG\" ><img loading=\"lazy\" decoding=\"async\" width=\"851\" height=\"315\" src=\"https:\/\/adi-ogrodzenia.pl\/wp-content\/uploads\/2026\/02\/adi_ogrodzenia_jesien.png\" class=\"attachment-full size-full wp-post-image\" alt=\"Kiedy najlepiej montowa\u0107 ogrodzenie? Poradnik dla w\u0142a\u015bcicieli posesji\" style=\"object-fit:cover;\" srcset=\"https:\/\/adi-ogrodzenia.pl\/wp-content\/uploads\/2026\/02\/adi_ogrodzenia_jesien.png 851w, https:\/\/adi-ogrodzenia.pl\/wp-content\/uploads\/2026\/02\/adi_ogrodzenia_jesien-300x111.png 300w, https:\/\/adi-ogrodzenia.pl\/wp-content\/uploads\/2026\/02\/adi_ogrodzenia_jesien-768x284.png 768w\" sizes=\"auto, (max-width: 851px) 100vw, 851px\" \/><\/a><\/figure>\n\n<h2 class=\"wp-block-post-title\"><a href=\"https:\/\/adi-ogrodzenia.pl\/?p=262\" target=\"_self\" rel=\"BLOG\">Kiedy najlepiej montowa\u0107 ogrodzenie? Poradnik dla w\u0142a\u015bcicieli posesji<\/a><\/h2>\n<\/li><li class=\"wp-block-post post-226 post type-post status-publish format-standard has-post-thumbnail hentry category-bez-kategorii\">\n<figure class=\"wp-block-post-featured-image\"><a href=\"https:\/\/adi-ogrodzenia.pl\/?p=226\" target=\"_self\" rel=\"BLOG\" ><img loading=\"lazy\" decoding=\"async\" width=\"851\" height=\"315\" src=\"https:\/\/adi-ogrodzenia.pl\/wp-content\/uploads\/2026\/02\/ADI-Ogrodzenia.png\" class=\"attachment-full size-full wp-post-image\" alt=\"Jak przebiega wsp\u00f3\u0142praca z A.D.I. Ogrodzenia?\" style=\"object-fit:cover;\" srcset=\"https:\/\/adi-ogrodzenia.pl\/wp-content\/uploads\/2026\/02\/ADI-Ogrodzenia.png 851w, https:\/\/adi-ogrodzenia.pl\/wp-content\/uploads\/2026\/02\/ADI-Ogrodzenia-300x111.png 300w, https:\/\/adi-ogrodzenia.pl\/wp-content\/uploads\/2026\/02\/ADI-Ogrodzenia-768x284.png 768w\" sizes=\"auto, (max-width: 851px) 100vw, 851px\" \/><\/a><\/figure>\n\n<h2 class=\"wp-block-post-title\"><a href=\"https:\/\/adi-ogrodzenia.pl\/?p=226\" target=\"_self\" rel=\"BLOG\">Jak przebiega wsp\u00f3\u0142praca z A.D.I. Ogrodzenia?<\/a><\/h2>\n<\/li><li class=\"wp-block-post post-1 post type-post status-publish format-standard has-post-thumbnail hentry category-blog\">\n<figure class=\"wp-block-post-featured-image\"><a href=\"https:\/\/adi-ogrodzenia.pl\/?p=1\" target=\"_self\" rel=\"BLOG\" ><img loading=\"lazy\" decoding=\"async\" width=\"851\" height=\"315\" src=\"https:\/\/adi-ogrodzenia.pl\/wp-content\/uploads\/2025\/10\/ADI-Ogrodzenia-1.png\" class=\"attachment-full size-full wp-post-image\" alt=\"Ogrodzenie panelowe czy z siatki?\" style=\"object-fit:cover;\" srcset=\"https:\/\/adi-ogrodzenia.pl\/wp-content\/uploads\/2025\/10\/ADI-Ogrodzenia-1.png 851w, https:\/\/adi-ogrodzenia.pl\/wp-content\/uploads\/2025\/10\/ADI-Ogrodzenia-1-300x111.png 300w, https:\/\/adi-ogrodzenia.pl\/wp-content\/uploads\/2025\/10\/ADI-Ogrodzenia-1-768x284.png 768w\" sizes=\"auto, (max-width: 851px) 100vw, 851px\" \/><\/a><\/figure>\n\n<h2 class=\"wp-block-post-title\"><a href=\"https:\/\/adi-ogrodzenia.pl\/?p=1\" target=\"_self\" rel=\"BLOG\">Ogrodzenie panelowe czy z siatki?<\/a><\/h2>\n<\/li><\/ul>\n\n\n\n<\/div>\n","protected":false},"excerpt":{"rendered":"<p>BLOG Porady, inspiracje, artyku\u0142y<\/p>\n","protected":false},"author":1,"featured_media":263,"parent":154,"menu_order":0,"comment_status":"closed","ping_status":"closed","template":"","meta":{"footnotes":""},"class_list":["post-236","page","type-page","status-publish","has-post-thumbnail","hentry"],"_links":{"self":[{"href":"https:\/\/adi-ogrodzenia.pl\/index.php?rest_route=\/wp\/v2\/pages\/236","targetHints":{"allow":["GET"]}}],"collection":[{"href":"https:\/\/adi-ogrodzenia.pl\/index.php?rest_route=\/wp\/v2\/pages"}],"about":[{"href":"https:\/\/adi-ogrodzenia.pl\/index.php?rest_route=\/wp\/v2\/types\/page"}],"author":[{"embeddable":true,"href":"https:\/\/adi-ogrodzenia.pl\/index.php?rest_route=\/wp\/v2\/users\/1"}],"replies":[{"embeddable":true,"href":"https:\/\/adi-ogrodzenia.pl\/index.php?rest_route=%2Fwp%2Fv2%2Fcomments&post=236"}],"version-history":[{"count":12,"href":"https:\/\/adi-ogrodzenia.pl\/index.php?rest_route=\/wp\/v2\/pages\/236\/revisions"}],"predecessor-version":[{"id":268,"href":"https:\/\/adi-ogrodzenia.pl\/index.php?rest_route=\/wp\/v2\/pages\/236\/revisions\/268"}],"up":[{"embeddable":true,"href":"https:\/\/adi-ogrodzenia.pl\/index.php?rest_route=\/wp\/v2\/pages\/154"}],"wp:featuredmedia":[{"embeddable":true,"href":"https:\/\/adi-ogrodzenia.pl\/index.php?rest_route=\/wp\/v2\/media\/263"}],"wp:attachment":[{"href":"https:\/\/adi-ogrodzenia.pl\/index.php?rest_route=%2Fwp%2Fv2%2Fmedia&parent=236"}],"curies":[{"name":"wp","href":"https:\/\/api.w.org\/{rel}","templated":true}]}}